{"id":482,"date":"2021-07-05T00:09:07","date_gmt":"2021-07-05T00:09:07","guid":{"rendered":"http:\/\/princesseskingdom.com\/?page_id=482"},"modified":"2023-09-24T13:23:52","modified_gmt":"2023-09-24T18:23:52","slug":"naranja","status":"publish","type":"page","link":"https:\/\/princesseskingdom.com\/index.php\/es\/naranja\/","title":{"rendered":"NARANJA"},"content":{"rendered":"<p>[et_pb_section fb_built=&#8221;1&#8243; admin_label=&#8221;section&#8221; _builder_version=&#8221;3.0.106&#8243; background_image=&#8221;http:\/\/princesseskingdom.com\/wp-content\/uploads\/2021\/09\/mesa-frutas-2.png&#8221;][et_pb_row _builder_version=&#8221;3.0.106&#8243;][et_pb_column type=&#8221;4_4&#8243; _builder_version=&#8221;3.0.106&#8243; parallax=&#8221;off&#8221; parallax_method=&#8221;on&#8221;][et_pb_text _builder_version=&#8221;3.0.106&#8243; text_font=&#8221;||||||||&#8221; header_font=&#8221;Montserrat||||||||&#8221; header_font_size=&#8221;49px&#8221; header_text_color=&#8221;#ffffff&#8221; header_text_shadow_style=&#8221;preset3&#8243;]<\/p>\n<h1 style=\"text-align: center;\"><strong>Naranja<\/strong><\/h1>\n<p>[\/et_pb_text][\/et_pb_column][\/et_pb_row][et_pb_row _builder_version=&#8221;3.0.106&#8243;][et_pb_column type=&#8221;1_2&#8243; _builder_version=&#8221;3.0.106&#8243; parallax=&#8221;off&#8221; parallax_method=&#8221;on&#8221;][et_pb_text _builder_version=&#8221;3.0.106&#8243; header_font=&#8221;Montserrat||||||||&#8221; header_text_color=&#8221;#ffffff&#8221; header_line_height=&#8221;1.2em&#8221; header_text_shadow_style=&#8221;preset3&#8243; header_6_font=&#8221;Montserrat||||||||&#8221; header_6_font_size=&#8221;18px&#8221; header_6_text_color=&#8221;#ffffff&#8221; header_6_text_shadow_style=&#8221;preset3&#8243;]<\/p>\n<h1 style=\"text-align: center;\"><\/h1>\n<h6 style=\"text-align: justify;\"><strong>Es de color marr\u00f3n amarillento, con la c\u00e1scara m\u00e1s o menos gruesa y endurecida; El endocarpio est\u00e1 formado por 11 gajos llenos de jugo, es una fruta rica en vitamina C, flavonoides y aceites esenciales, de sabor dulce, cuyo rango Brix est\u00e1 entre 9 \u2013 12.<\/strong><\/h6>\n<p>[\/et_pb_text][et_pb_button button_url=&#8221;https:\/\/tierraprometidatrading.com\/ficha_tecnicap\/naranja_valencia.pdf&#8221; button_text=&#8221;Ver M\u00e1s&#8221; button_alignment=&#8221;center&#8221; _builder_version=&#8221;3.0.106&#8243; custom_button=&#8221;on&#8221; button_text_color=&#8221;#ffffff&#8221; button_bg_color=&#8221;rgba(0,124,29,0.59)&#8221; button_font=&#8221;||||||||&#8221;][\/et_pb_button][\/et_pb_column][et_pb_column type=&#8221;1_2&#8243; _builder_version=&#8221;3.0.106&#8243; parallax=&#8221;off&#8221; parallax_method=&#8221;on&#8221;][et_pb_image src=&#8221;http:\/\/princesseskingdom.com\/wp-content\/uploads\/2021\/09\/valencia.jpeg&#8221; _builder_version=&#8221;3.0.106&#8243; border_radii=&#8221;on|5px|5px|5px|5px&#8221; max_width=&#8221;65%&#8221; module_alignment=&#8221;center&#8221; box_shadow_style=&#8221;preset1&#8243; box_shadow_color=&#8221;rgba(255,255,255,0.3)&#8221;][\/et_pb_image][\/et_pb_column][\/et_pb_row][\/et_pb_section]<\/p>\n","protected":false},"excerpt":{"rendered":"<p>[et_pb_section fb_built=&#8221;1&#8243; admin_label=&#8221;section&#8221; _builder_version=&#8221;3.0.106&#8243; background_image=&#8221;http:\/\/princesseskingdom.com\/wp-content\/uploads\/2021\/09\/mesa-frutas-2.png&#8221;][et_pb_row _builder_version=&#8221;3.0.106&#8243;][et_pb_column type=&#8221;4_4&#8243; _builder_version=&#8221;3.0.106&#8243; parallax=&#8221;off&#8221; parallax_method=&#8221;on&#8221;][et_pb_text _builder_version=&#8221;3.0.106&#8243; text_font=&#8221;||||||||&#8221; header_font=&#8221;Montserrat||||||||&#8221; header_font_size=&#8221;49px&#8221; header_text_color=&#8221;#ffffff&#8221; header_text_shadow_style=&#8221;preset3&#8243;] Naranja [\/et_pb_text][\/et_pb_column][\/et_pb_row][et_pb_row _builder_version=&#8221;3.0.106&#8243;][et_pb_column type=&#8221;1_2&#8243; _builder_version=&#8221;3.0.106&#8243; parallax=&#8221;off&#8221; parallax_method=&#8221;on&#8221;][et_pb_text _builder_version=&#8221;3.0.106&#8243; header_font=&#8221;Montserrat||||||||&#8221; header_text_color=&#8221;#ffffff&#8221; header_line_height=&#8221;1.2em&#8221; header_text_shadow_style=&#8221;preset3&#8243; header_6_font=&#8221;Montserrat||||||||&#8221; header_6_font_size=&#8221;18px&#8221; header_6_text_color=&#8221;#ffffff&#8221; header_6_text_shadow_style=&#8221;preset3&#8243;] Es de color marr\u00f3n amarillento, con la c\u00e1scara m\u00e1s o menos gruesa y endurecida; El endocarpio est\u00e1 formado por 11 gajos llenos de [&hellip;]<\/p>\n","protected":false},"author":1,"featured_media":0,"parent":0,"menu_order":0,"comment_status":"closed","ping_status":"closed","template":"","meta":{"om_disable_all_campaigns":false,"_monsterinsights_skip_tracking":false,"_monsterinsights_sitenote_active":false,"_monsterinsights_sitenote_note":"","_monsterinsights_sitenote_category":0},"_links":{"self":[{"href":"https:\/\/princesseskingdom.com\/index.php\/wp-json\/wp\/v2\/pages\/482"}],"collection":[{"href":"https:\/\/princesseskingdom.com\/index.php\/wp-json\/wp\/v2\/pages"}],"about":[{"href":"https:\/\/princesseskingdom.com\/index.php\/wp-json\/wp\/v2\/types\/page"}],"author":[{"embeddable":true,"href":"https:\/\/princesseskingdom.com\/index.php\/wp-json\/wp\/v2\/users\/1"}],"replies":[{"embeddable":true,"href":"https:\/\/princesseskingdom.com\/index.php\/wp-json\/wp\/v2\/comments?post=482"}],"version-history":[{"count":24,"href":"https:\/\/princesseskingdom.com\/index.php\/wp-json\/wp\/v2\/pages\/482\/revisions"}],"predecessor-version":[{"id":1739,"href":"https:\/\/princesseskingdom.com\/index.php\/wp-json\/wp\/v2\/pages\/482\/revisions\/1739"}],"wp:attachment":[{"href":"https:\/\/princesseskingdom.com\/index.php\/wp-json\/wp\/v2\/media?parent=482"}],"curies":[{"name":"wp","href":"https:\/\/api.w.org\/{rel}","templated":true}]}}