{"id":444,"date":"2021-07-02T02:33:57","date_gmt":"2021-07-02T02:33:57","guid":{"rendered":"http:\/\/princesseskingdom.com\/?page_id=444"},"modified":"2023-09-24T13:18:46","modified_gmt":"2023-09-24T18:18:46","slug":"platano-2","status":"publish","type":"page","link":"https:\/\/princesseskingdom.com\/index.php\/es\/platano-2\/","title":{"rendered":"Pl\u00e1tano"},"content":{"rendered":"<p>[et_pb_section fb_built=&#8221;1&#8243; admin_label=&#8221;section&#8221; _builder_version=&#8221;3.0.106&#8243; background_image=&#8221;http:\/\/princesseskingdom.com\/wp-content\/uploads\/2021\/09\/mesa-frutas-2.png&#8221;][et_pb_row _builder_version=&#8221;3.0.106&#8243;][et_pb_column type=&#8221;4_4&#8243; _builder_version=&#8221;3.0.106&#8243; parallax=&#8221;off&#8221; parallax_method=&#8221;on&#8221;][et_pb_text _builder_version=&#8221;3.0.106&#8243; text_font=&#8221;||||||||&#8221; text_font_size=&#8221;13px&#8221; header_font=&#8221;Montserrat||||||||&#8221; header_text_align=&#8221;center&#8221; header_font_size=&#8221;60px&#8221; header_text_color=&#8221;#ffffff&#8221; header_text_shadow_style=&#8221;preset3&#8243;]<\/p>\n<h1 style=\"text-align: center;\"><strong>Pl\u00e1tano<\/strong><\/h1>\n<p>[\/et_pb_text][\/et_pb_column][\/et_pb_row][et_pb_row _builder_version=&#8221;3.0.106&#8243;][et_pb_column type=&#8221;1_2&#8243; _builder_version=&#8221;3.0.106&#8243; parallax=&#8221;off&#8221; parallax_method=&#8221;on&#8221;][et_pb_text _builder_version=&#8221;3.0.106&#8243; text_font=&#8221;||||||||&#8221; header_font=&#8221;Montserrat||||||||&#8221; header_text_color=&#8221;#ffffff&#8221; header_text_shadow_style=&#8221;preset3&#8243; header_6_font=&#8221;Montserrat||||||||&#8221; header_6_font_size=&#8221;18px&#8221; header_6_text_color=&#8221;#ffffff&#8221; header_6_text_shadow_style=&#8221;preset3&#8243;]<\/p>\n<h1 style=\"text-align: center;\"><\/h1>\n<p><strong><\/strong><\/p>\n<h6 class=\"tw-data-text tw-text-large XcVN5d tw-ta\" data-placeholder=\"Traducci\u00f3n\" id=\"tw-target-text\" dir=\"ltr\" style=\"text-align: justify;\"><strong>Fruta tropical con grandes propiedades nutricionales, su aprovechamiento verde y maduro le otorgan gran versatilidad en su consumo, con sus diversos derivados como harinas, tostadas; tiene muchos usos culinarios.<\/strong><\/h6>\n<h6 class=\"tw-data-text tw-text-large XcVN5d tw-ta\" data-placeholder=\"Traducci\u00f3n\" dir=\"ltr\" style=\"text-align: justify;\"><strong>La calidad interna del fruto est\u00e1 garantizada por la nutrici\u00f3n natural de los suelos ubicados en los Montes de Mar\u00eda, Bol\u00edvar (Colombia), donde se desarrollan nuestros cultivos.<\/strong><\/h6>\n<p>[\/et_pb_text][et_pb_button button_url=&#8221;https:\/\/tierraprometidatrading.com\/ficha_tecnicap\/platano_verde.pdf&#8221; url_new_window=&#8221;on&#8221; button_text=&#8221;Ver M\u00e1s&#8221; button_alignment=&#8221;center&#8221; _builder_version=&#8221;3.0.106&#8243; custom_button=&#8221;on&#8221; button_text_color=&#8221;#ffffff&#8221; button_bg_color=&#8221;rgba(0,124,29,0.59)&#8221; button_font=&#8221;||||||||&#8221;][\/et_pb_button][\/et_pb_column][et_pb_column type=&#8221;1_2&#8243; _builder_version=&#8221;3.0.106&#8243; parallax=&#8221;off&#8221; parallax_method=&#8221;on&#8221;][et_pb_image src=&#8221;http:\/\/princesseskingdom.com\/wp-content\/uploads\/2021\/09\/pexels-rahul-983466-scaled-1.jpeg&#8221; _builder_version=&#8221;3.0.106&#8243; max_width=&#8221;70%&#8221;][\/et_pb_image][\/et_pb_column][\/et_pb_row][\/et_pb_section]<\/p>\n","protected":false},"excerpt":{"rendered":"<p>[et_pb_section fb_built=&#8221;1&#8243; admin_label=&#8221;section&#8221; _builder_version=&#8221;3.0.106&#8243; background_image=&#8221;http:\/\/princesseskingdom.com\/wp-content\/uploads\/2021\/09\/mesa-frutas-2.png&#8221;][et_pb_row _builder_version=&#8221;3.0.106&#8243;][et_pb_column type=&#8221;4_4&#8243; _builder_version=&#8221;3.0.106&#8243; parallax=&#8221;off&#8221; parallax_method=&#8221;on&#8221;][et_pb_text _builder_version=&#8221;3.0.106&#8243; text_font=&#8221;||||||||&#8221; text_font_size=&#8221;13px&#8221; header_font=&#8221;Montserrat||||||||&#8221; header_text_align=&#8221;center&#8221; header_font_size=&#8221;60px&#8221; header_text_color=&#8221;#ffffff&#8221; header_text_shadow_style=&#8221;preset3&#8243;] Pl\u00e1tano [\/et_pb_text][\/et_pb_column][\/et_pb_row][et_pb_row _builder_version=&#8221;3.0.106&#8243;][et_pb_column type=&#8221;1_2&#8243; _builder_version=&#8221;3.0.106&#8243; parallax=&#8221;off&#8221; parallax_method=&#8221;on&#8221;][et_pb_text _builder_version=&#8221;3.0.106&#8243; text_font=&#8221;||||||||&#8221; header_font=&#8221;Montserrat||||||||&#8221; header_text_color=&#8221;#ffffff&#8221; header_text_shadow_style=&#8221;preset3&#8243; header_6_font=&#8221;Montserrat||||||||&#8221; header_6_font_size=&#8221;18px&#8221; header_6_text_color=&#8221;#ffffff&#8221; header_6_text_shadow_style=&#8221;preset3&#8243;] Fruta tropical con grandes propiedades nutricionales, su aprovechamiento verde y maduro le otorgan gran versatilidad en su consumo, con sus diversos [&hellip;]<\/p>\n","protected":false},"author":1,"featured_media":0,"parent":0,"menu_order":0,"comment_status":"closed","ping_status":"closed","template":"","meta":{"om_disable_all_campaigns":false,"_monsterinsights_skip_tracking":false,"_monsterinsights_sitenote_active":false,"_monsterinsights_sitenote_note":"","_monsterinsights_sitenote_category":0},"_links":{"self":[{"href":"https:\/\/princesseskingdom.com\/index.php\/wp-json\/wp\/v2\/pages\/444"}],"collection":[{"href":"https:\/\/princesseskingdom.com\/index.php\/wp-json\/wp\/v2\/pages"}],"about":[{"href":"https:\/\/princesseskingdom.com\/index.php\/wp-json\/wp\/v2\/types\/page"}],"author":[{"embeddable":true,"href":"https:\/\/princesseskingdom.com\/index.php\/wp-json\/wp\/v2\/users\/1"}],"replies":[{"embeddable":true,"href":"https:\/\/princesseskingdom.com\/index.php\/wp-json\/wp\/v2\/comments?post=444"}],"version-history":[{"count":18,"href":"https:\/\/princesseskingdom.com\/index.php\/wp-json\/wp\/v2\/pages\/444\/revisions"}],"predecessor-version":[{"id":1734,"href":"https:\/\/princesseskingdom.com\/index.php\/wp-json\/wp\/v2\/pages\/444\/revisions\/1734"}],"wp:attachment":[{"href":"https:\/\/princesseskingdom.com\/index.php\/wp-json\/wp\/v2\/media?parent=444"}],"curies":[{"name":"wp","href":"https:\/\/api.w.org\/{rel}","templated":true}]}}