{"id":405,"date":"2021-07-02T00:37:44","date_gmt":"2021-07-02T00:37:44","guid":{"rendered":"http:\/\/princesseskingdom.com\/?page_id=405"},"modified":"2023-09-24T12:55:57","modified_gmt":"2023-09-24T17:55:57","slug":"banano-2","status":"publish","type":"page","link":"https:\/\/princesseskingdom.com\/index.php\/es\/banano-2\/","title":{"rendered":"Banano"},"content":{"rendered":"<p>[et_pb_section fb_built=&#8221;1&#8243; admin_label=&#8221;section&#8221; _builder_version=&#8221;3.0.106&#8243; background_image=&#8221;http:\/\/princesseskingdom.com\/wp-content\/uploads\/2021\/09\/mesa-frutas-2.png&#8221;][et_pb_row _builder_version=&#8221;3.0.106&#8243;][et_pb_column type=&#8221;4_4&#8243; _builder_version=&#8221;3.0.106&#8243; parallax=&#8221;off&#8221; parallax_method=&#8221;on&#8221;][et_pb_text background_layout=&#8221;dark&#8221; _builder_version=&#8221;3.0.106&#8243; text_font=&#8221;Montserrat||||||||&#8221; text_font_size=&#8221;22px&#8221; header_font=&#8221;Montserrat||||||||&#8221; header_font_size=&#8221;60px&#8221; header_text_color=&#8221;#ffffff&#8221;]<\/p>\n<h1 style=\"text-align: center;\"><strong>Banana<\/strong><\/h1>\n<p>[\/et_pb_text][\/et_pb_column][\/et_pb_row][et_pb_row _builder_version=&#8221;3.0.106&#8243;][et_pb_column type=&#8221;1_2&#8243; _builder_version=&#8221;3.0.106&#8243; parallax=&#8221;off&#8221; parallax_method=&#8221;on&#8221;][et_pb_text _builder_version=&#8221;3.0.106&#8243; text_font=&#8221;||||||||&#8221; header_font=&#8221;Montserrat||||||||&#8221; header_text_color=&#8221;#ffffff&#8221; header_text_shadow_style=&#8221;preset3&#8243; header_6_font=&#8221;Montserrat||||||||&#8221; header_6_text_align=&#8221;justify&#8221; header_6_font_size=&#8221;18px&#8221; header_6_text_color=&#8221;#ffffff&#8221; header_6_text_shadow_style=&#8221;preset3&#8243;]<\/p>\n<h1 style=\"text-align: center;\"><\/h1>\n<h6 class=\"tw-data-text tw-text-large XcVN5d tw-ta\" data-placeholder=\"Traducci\u00f3n\" id=\"tw-target-text\" dir=\"ltr\"><strong>Los pl\u00e1tanos vienen en diferentes formas y colores. de hecho, existen m\u00e1s de 1000 variedades de pl\u00e1tanos. el m\u00e1s com\u00fan, y del que depende la industria bananera comercial, es el pl\u00e1tano Cavendish, dulce y sin semillas. <\/strong><\/h6>\n<h6 class=\"tw-data-text tw-text-large XcVN5d tw-ta\" data-placeholder=\"Traducci\u00f3n\" dir=\"ltr\"><strong>Este pl\u00e1tano tiene un aspecto fresco, sano, limpio, verde, con brillo y color, libre de manchas, heridas, grietas, residuos, matas y cicatrices que afecten la pulpa.<\/strong><\/h6>\n<h6 class=\"tw-data-text tw-text-large XcVN5d tw-ta\" data-placeholder=\"Traducci\u00f3n\" dir=\"ltr\"><strong>Se sabe que tiene altos niveles de carbohidratos que aportan energ\u00eda al cuerpo. Los pl\u00e1tanos contienen fibra, potasio y vitaminas beneficiosas para la salud.<\/strong><\/h6>\n<p>[\/et_pb_text][et_pb_button button_url=&#8221;https:\/\/tierraprometidatrading.com\/ficha_tecnicap\/banano.pdf&#8221; button_text=&#8221;Ver M\u00e1s&#8221; button_alignment=&#8221;center&#8221; _builder_version=&#8221;3.0.106&#8243; custom_button=&#8221;on&#8221; button_text_color=&#8221;#ffffff&#8221; button_bg_color=&#8221;rgba(0,124,29,0.59)&#8221; button_font=&#8221;||||||||&#8221;][\/et_pb_button][\/et_pb_column][et_pb_column type=&#8221;1_2&#8243; _builder_version=&#8221;3.0.106&#8243; parallax=&#8221;off&#8221; parallax_method=&#8221;on&#8221;][et_pb_image src=&#8221;http:\/\/princesseskingdom.com\/wp-content\/uploads\/2021\/09\/banana.jpeg&#8221; _builder_version=&#8221;3.0.106&#8243; max_width=&#8221;70%&#8221; module_alignment=&#8221;left&#8221;][\/et_pb_image][\/et_pb_column][\/et_pb_row][\/et_pb_section]<\/p>\n","protected":false},"excerpt":{"rendered":"<p>[et_pb_section fb_built=&#8221;1&#8243; admin_label=&#8221;section&#8221; _builder_version=&#8221;3.0.106&#8243; background_image=&#8221;http:\/\/princesseskingdom.com\/wp-content\/uploads\/2021\/09\/mesa-frutas-2.png&#8221;][et_pb_row _builder_version=&#8221;3.0.106&#8243;][et_pb_column type=&#8221;4_4&#8243; _builder_version=&#8221;3.0.106&#8243; parallax=&#8221;off&#8221; parallax_method=&#8221;on&#8221;][et_pb_text background_layout=&#8221;dark&#8221; _builder_version=&#8221;3.0.106&#8243; text_font=&#8221;Montserrat||||||||&#8221; text_font_size=&#8221;22px&#8221; header_font=&#8221;Montserrat||||||||&#8221; header_font_size=&#8221;60px&#8221; header_text_color=&#8221;#ffffff&#8221;] Banana [\/et_pb_text][\/et_pb_column][\/et_pb_row][et_pb_row _builder_version=&#8221;3.0.106&#8243;][et_pb_column type=&#8221;1_2&#8243; _builder_version=&#8221;3.0.106&#8243; parallax=&#8221;off&#8221; parallax_method=&#8221;on&#8221;][et_pb_text _builder_version=&#8221;3.0.106&#8243; text_font=&#8221;||||||||&#8221; header_font=&#8221;Montserrat||||||||&#8221; header_text_color=&#8221;#ffffff&#8221; header_text_shadow_style=&#8221;preset3&#8243; header_6_font=&#8221;Montserrat||||||||&#8221; header_6_text_align=&#8221;justify&#8221; header_6_font_size=&#8221;18px&#8221; header_6_text_color=&#8221;#ffffff&#8221; header_6_text_shadow_style=&#8221;preset3&#8243;] Los pl\u00e1tanos vienen en diferentes formas y colores. de hecho, existen m\u00e1s de 1000 variedades de pl\u00e1tanos. el m\u00e1s com\u00fan, y [&hellip;]<\/p>\n","protected":false},"author":1,"featured_media":0,"parent":0,"menu_order":0,"comment_status":"closed","ping_status":"closed","template":"","meta":{"om_disable_all_campaigns":false,"_monsterinsights_skip_tracking":false,"_monsterinsights_sitenote_active":false,"_monsterinsights_sitenote_note":"","_monsterinsights_sitenote_category":0},"_links":{"self":[{"href":"https:\/\/princesseskingdom.com\/index.php\/wp-json\/wp\/v2\/pages\/405"}],"collection":[{"href":"https:\/\/princesseskingdom.com\/index.php\/wp-json\/wp\/v2\/pages"}],"about":[{"href":"https:\/\/princesseskingdom.com\/index.php\/wp-json\/wp\/v2\/types\/page"}],"author":[{"embeddable":true,"href":"https:\/\/princesseskingdom.com\/index.php\/wp-json\/wp\/v2\/users\/1"}],"replies":[{"embeddable":true,"href":"https:\/\/princesseskingdom.com\/index.php\/wp-json\/wp\/v2\/comments?post=405"}],"version-history":[{"count":21,"href":"https:\/\/princesseskingdom.com\/index.php\/wp-json\/wp\/v2\/pages\/405\/revisions"}],"predecessor-version":[{"id":1729,"href":"https:\/\/princesseskingdom.com\/index.php\/wp-json\/wp\/v2\/pages\/405\/revisions\/1729"}],"wp:attachment":[{"href":"https:\/\/princesseskingdom.com\/index.php\/wp-json\/wp\/v2\/media?parent=405"}],"curies":[{"name":"wp","href":"https:\/\/api.w.org\/{rel}","templated":true}]}}