{"id":383,"date":"2021-06-30T00:56:02","date_gmt":"2021-06-30T00:56:02","guid":{"rendered":"http:\/\/princesseskingdom.com\/?page_id=383"},"modified":"2023-09-24T13:01:10","modified_gmt":"2023-09-24T18:01:10","slug":"lima-tahiti","status":"publish","type":"page","link":"https:\/\/princesseskingdom.com\/index.php\/es\/lima-tahiti\/","title":{"rendered":"Lima Tahit\u00ed"},"content":{"rendered":"<p>[et_pb_section fb_built=&#8221;1&#8243; admin_label=&#8221;section&#8221; _builder_version=&#8221;3.0.106&#8243; background_image=&#8221;http:\/\/princesseskingdom.com\/wp-content\/uploads\/2021\/09\/mesa-frutas-2.png&#8221;][et_pb_row admin_label=&#8221;row&#8221; _builder_version=&#8221;3.0.47&#8243; background_size=&#8221;initial&#8221; background_position=&#8221;top_left&#8221; background_repeat=&#8221;repeat&#8221;][et_pb_column type=&#8221;4_4&#8243; _builder_version=&#8221;3.0.47&#8243; parallax=&#8221;off&#8221; parallax_method=&#8221;on&#8221;][et_pb_text background_layout=&#8221;dark&#8221; admin_label=&#8221;Text&#8221; _builder_version=&#8221;3.0.106&#8243; text_font=&#8221;||||||||&#8221; header_font=&#8221;Montserrat||||||||&#8221; header_text_align=&#8221;center&#8221; header_font_size=&#8221;60px&#8221; header_text_shadow_style=&#8221;preset3&#8243; background_size=&#8221;initial&#8221; background_position=&#8221;top_left&#8221; background_repeat=&#8221;repeat&#8221;]<\/p>\n<h1><strong>Lima Tahit<\/strong><strong>\u00ed<\/strong><\/h1>\n<p>[\/et_pb_text][\/et_pb_column][\/et_pb_row][et_pb_row use_custom_width=&#8221;on&#8221; width_unit=&#8221;off&#8221; _builder_version=&#8221;3.0.106&#8243; box_shadow_style=&#8221;preset3&#8243;][et_pb_column type=&#8221;1_2&#8243; _builder_version=&#8221;3.0.106&#8243; parallax=&#8221;off&#8221; parallax_method=&#8221;on&#8221;][et_pb_text _builder_version=&#8221;3.0.106&#8243; text_font=&#8221;||||||||&#8221; ul_font=&#8221;||||||||&#8221; header_font=&#8221;Montserrat||||||||&#8221; header_text_color=&#8221;#ffffff&#8221; header_6_font=&#8221;Montserrat||||||||&#8221; header_6_font_size=&#8221;18px&#8221; header_6_text_color=&#8221;#ffffff&#8221; header_6_text_shadow_style=&#8221;preset3&#8243;]<\/p>\n<h1 style=\"text-align: center;\"><\/h1>\n<p><strong>\u00a0<\/strong><\/p>\n<h6 class=\"tw-data-text tw-text-large XcVN5d tw-ta\" data-placeholder=\"Traducci\u00f3n\" id=\"tw-target-text\" dir=\"ltr\" style=\"text-align: justify;\"><strong>C\u00edtricos: latifolia, el lim\u00f3n persa, tambi\u00e9n conocido como lima tahitiana, lima persa, lim\u00f3n Messina, lim\u00f3n sin semillas o lima Bearss. El fruto mide unos 6 cm de di\u00e1metro, a menudo con extremos ligeramente puntiagudos, normalmente se vende verde, aunque cuando alcanza la plena madurez es amarillo.<\/strong><\/h6>\n<h6 class=\"tw-data-text tw-text-large XcVN5d tw-ta\" data-placeholder=\"Traducci\u00f3n\" dir=\"ltr\" style=\"text-align: justify;\"><strong>Es m\u00e1s antigua, de piel m\u00e1s gruesa y menos arom\u00e1tica que la lima \u00e1cida, que es la lima m\u00e1s cultivada en el mundo. Las ventajas de esta lima respecto a la \u00e1cida es que es de mayor tama\u00f1o, no tiene semillas, mayor resistencia a las enfermedades, ausencia de espinas en los \u00e1rboles y mayor duraci\u00f3n del fruto una vez recolectado.<\/strong><\/h6>\n<p>[\/et_pb_text][et_pb_button button_url=&#8221;http:\/\/tierraprometidatrading.com\/ficha_tecnicap\/limon.pdf&#8221; url_new_window=&#8221;on&#8221; button_text=&#8221;Ver M\u00e1s&#8221; button_alignment=&#8221;center&#8221; _builder_version=&#8221;3.0.106&#8243; custom_button=&#8221;on&#8221; button_text_color=&#8221;#ffffff&#8221; button_bg_color=&#8221;rgba(0,124,29,0.59)&#8221; button_font=&#8221;||||||||&#8221;][\/et_pb_button][\/et_pb_column][et_pb_column type=&#8221;1_2&#8243; _builder_version=&#8221;3.0.106&#8243; parallax=&#8221;off&#8221; parallax_method=&#8221;on&#8221;][et_pb_image src=&#8221;http:\/\/princesseskingdom.com\/wp-content\/uploads\/2021\/09\/pexels-lovefood-art-1437595-scaled-1.jpeg&#8221; align=&#8221;center&#8221; _builder_version=&#8221;3.0.106&#8243; border_radii=&#8221;on|5px|5px|5px|5px&#8221; max_width=&#8221;65%&#8221; module_alignment=&#8221;center&#8221; box_shadow_style=&#8221;preset1&#8243; box_shadow_color=&#8221;rgba(255,255,255,0.3)&#8221;][\/et_pb_image][\/et_pb_column][\/et_pb_row][\/et_pb_section]<\/p>\n","protected":false},"excerpt":{"rendered":"<p>[et_pb_section fb_built=&#8221;1&#8243; admin_label=&#8221;section&#8221; _builder_version=&#8221;3.0.106&#8243; background_image=&#8221;http:\/\/princesseskingdom.com\/wp-content\/uploads\/2021\/09\/mesa-frutas-2.png&#8221;][et_pb_row admin_label=&#8221;row&#8221; _builder_version=&#8221;3.0.47&#8243; background_size=&#8221;initial&#8221; background_position=&#8221;top_left&#8221; background_repeat=&#8221;repeat&#8221;][et_pb_column type=&#8221;4_4&#8243; _builder_version=&#8221;3.0.47&#8243; parallax=&#8221;off&#8221; parallax_method=&#8221;on&#8221;][et_pb_text background_layout=&#8221;dark&#8221; admin_label=&#8221;Text&#8221; _builder_version=&#8221;3.0.106&#8243; text_font=&#8221;||||||||&#8221; header_font=&#8221;Montserrat||||||||&#8221; header_text_align=&#8221;center&#8221; header_font_size=&#8221;60px&#8221; header_text_shadow_style=&#8221;preset3&#8243; background_size=&#8221;initial&#8221; background_position=&#8221;top_left&#8221; background_repeat=&#8221;repeat&#8221;] Lima Tahit\u00ed [\/et_pb_text][\/et_pb_column][\/et_pb_row][et_pb_row use_custom_width=&#8221;on&#8221; width_unit=&#8221;off&#8221; _builder_version=&#8221;3.0.106&#8243; box_shadow_style=&#8221;preset3&#8243;][et_pb_column type=&#8221;1_2&#8243; _builder_version=&#8221;3.0.106&#8243; parallax=&#8221;off&#8221; parallax_method=&#8221;on&#8221;][et_pb_text _builder_version=&#8221;3.0.106&#8243; text_font=&#8221;||||||||&#8221; ul_font=&#8221;||||||||&#8221; header_font=&#8221;Montserrat||||||||&#8221; header_text_color=&#8221;#ffffff&#8221; header_6_font=&#8221;Montserrat||||||||&#8221; header_6_font_size=&#8221;18px&#8221; header_6_text_color=&#8221;#ffffff&#8221; header_6_text_shadow_style=&#8221;preset3&#8243;] \u00a0 C\u00edtricos: latifolia, el lim\u00f3n persa, tambi\u00e9n conocido como lima [&hellip;]<\/p>\n","protected":false},"author":1,"featured_media":0,"parent":0,"menu_order":0,"comment_status":"closed","ping_status":"closed","template":"","meta":{"om_disable_all_campaigns":false,"_monsterinsights_skip_tracking":false,"_monsterinsights_sitenote_active":false,"_monsterinsights_sitenote_note":"","_monsterinsights_sitenote_category":0},"_links":{"self":[{"href":"https:\/\/princesseskingdom.com\/index.php\/wp-json\/wp\/v2\/pages\/383"}],"collection":[{"href":"https:\/\/princesseskingdom.com\/index.php\/wp-json\/wp\/v2\/pages"}],"about":[{"href":"https:\/\/princesseskingdom.com\/index.php\/wp-json\/wp\/v2\/types\/page"}],"author":[{"embeddable":true,"href":"https:\/\/princesseskingdom.com\/index.php\/wp-json\/wp\/v2\/users\/1"}],"replies":[{"embeddable":true,"href":"https:\/\/princesseskingdom.com\/index.php\/wp-json\/wp\/v2\/comments?post=383"}],"version-history":[{"count":31,"href":"https:\/\/princesseskingdom.com\/index.php\/wp-json\/wp\/v2\/pages\/383\/revisions"}],"predecessor-version":[{"id":1731,"href":"https:\/\/princesseskingdom.com\/index.php\/wp-json\/wp\/v2\/pages\/383\/revisions\/1731"}],"wp:attachment":[{"href":"https:\/\/princesseskingdom.com\/index.php\/wp-json\/wp\/v2\/media?parent=383"}],"curies":[{"name":"wp","href":"https:\/\/api.w.org\/{rel}","templated":true}]}}